{"id":2202,"date":"2024-08-22T09:32:40","date_gmt":"2024-08-22T01:32:40","guid":{"rendered":"https:\/\/vman-sea.com\/ve\/"},"modified":"2025-03-10T17:53:56","modified_gmt":"2025-03-10T09:53:56","slug":"ve","status":"publish","type":"page","link":"https:\/\/vman-sea.com\/vi\/ve\/","title":{"rendered":"V\u1ec0"},"content":{"rendered":"\n<p><strong>VMAN<\/strong> <strong>\u0110\u00f4ng Nam \u00c1<\/strong> , \u0111i\u1ec3m \u0111\u1ebfn ti\u00ean phong c\u1ee7a th\u1eddi trang nam gi\u1edbi, l\u00e0 \u1ea5n b\u1ea3n n\u01b0\u1edbc ngo\u00e0i \u0111\u1ea7u ti\u00ean c\u1ee7a t\u1ea1p ch\u00ed th\u1eddi trang nam mang t\u00ednh bi\u1ec3u t\u01b0\u1ee3ng n\u00e0y.<\/p>\n\n<p>Ch\u00fang t\u00f4i t\u00ecm c\u00e1ch \u0111\u1ecbnh ngh\u0129a l\u1ea1i c\u00e2u chuy\u1ec7n xoay quanh nam t\u00ednh ch\u00e2u \u00c1 b\u1eb1ng c\u00e1ch trao quy\u1ec1n cho nam gi\u1edbi \u0110\u00f4ng Nam \u00c1 k\u1ec3 c\u00e2u chuy\u1ec7n c\u1ee7a ri\u00eang h\u1ecd th\u00f4ng qua g\u00f3c nh\u00ecn c\u1ee7a h\u1ecd. T\u00f4n vinh b\u1ed1i c\u1ea3nh v\u0103n h\u00f3a phong ph\u00fa c\u1ee7a khu v\u1ef1c, ch\u00fang t\u00f4i nh\u1ea5n m\u1ea1nh t\u00ednh hai m\u1eb7t c\u1ee7a truy\u1ec1n th\u1ed1ng v\u00e0 hi\u1ec7n \u0111\u1ea1i\u2014cho th\u1ea5y di s\u1ea3n c\u1ee7a ch\u00fang ta c\u00f3 th\u1ec3 c\u00f9ng t\u1ed3n t\u1ea1i v\u1edbi c\u00e1c xu h\u01b0\u1edbng \u0111\u01b0\u01a1ng \u0111\u1ea1i nh\u01b0 th\u1ebf n\u00e0o. <\/p>\n\n<p>B\u1eb1ng c\u00e1ch cung c\u1ea5p n\u1ec1n t\u1ea3ng cho nh\u1eefng t\u00e0i n\u0103ng m\u1edbi n\u1ed5i trong l\u0129nh v\u1ef1c th\u1eddi trang, ngh\u1ec7 thu\u1eadt v\u00e0 \u00e2m nh\u1ea1c, <strong>VMAN<\/strong> <strong>\u0110\u00f4ng Nam \u00c1<\/strong> khu\u1ebfch \u0111\u1ea1i ti\u1ebfng n\u00f3i v\u00e0 s\u1ef1 s\u00e1ng t\u1ea1o c\u1ee7a ng\u01b0\u1eddi d\u00e2n \u0111\u1ecba ph\u01b0\u01a1ng th\u00f4ng qua vi\u1ec7c g\u1eafn k\u1ebft v\u1edbi b\u1ea3n s\u1eafc v\u00e0 phong c\u00e1ch \u0111\u1ecbnh h\u00ecnh n\u00ean \u0111\u00e0n \u00f4ng \u0110\u00f4ng Nam \u00c1 ng\u00e0y nay.<\/p>\n\n<p>Cu\u1ed1i c\u00f9ng, ch\u00fang t\u00f4i l\u00e0 tuy\u00ean b\u1ed1 m\u1ea1nh m\u1ebd v\u1ec1 ni\u1ec1m t\u1ef1 h\u00e0o, c\u1ed9ng \u0111\u1ed3ng v\u00e0 \u0111\u1ea1i di\u1ec7n v\u0103n h\u00f3a c\u1ee7a \u0110\u00f4ng Nam \u00c1 trong b\u1ed1i c\u1ea3nh to\u00e0n c\u1ea7u.<\/p>\n\n<p style=\"text-decoration:underline\"><em>Kh\u00e1m ph\u00e1 VMAN SEA theo \u0111\u1ecbnh d\u1ea1ng ph\u00f9 h\u1ee3p nh\u1ea5t v\u1edbi b\u1ea1n. Ch\u00fang t\u00f4i cung c\u1ea5p c\u00e1c t\u00f9y ch\u1ecdn \u0111\u0103ng k\u00fd linh ho\u1ea1t cho c\u00e1c phi\u00ean b\u1ea3n k\u1ef9 thu\u1eadt s\u1ed1 v\u00e0 in c\u1ee7a ch\u00fang t\u00f4i, c\u0169ng nh\u01b0 t\u00f9y ch\u1ecdn mua c\u00e1c \u1ea5n b\u1ea3n ri\u00eang l\u1ebb. T\u1ea5t c\u1ea3 c\u00e1c giao d\u1ecbch \u0111\u01b0\u1ee3c x\u1eed l\u00fd an to\u00e0n v\u00e0 hi\u1ec7u qu\u1ea3 th\u00f4ng qua n\u1ec1n t\u1ea3ng c\u1ee7a ch\u00fang t\u00f4i.  <\/em><\/p>\n\n<p style=\"text-decoration:underline\"><em>VMAN SEA l\u00e0 nh\u00e3n hi\u1ec7u c\u1ee7a V Magazine LLC. \u0110\u01b0\u1ee3c xu\u1ea5t b\u1ea3n v\u00e0 tr\u00ecnh b\u00e0y b\u1edfi One Mega Group, Inc. &#8211; c\u00f4ng ty con c\u1ee7a AGC Power Holdings Corp.   M\u1ecdi quy\u1ec1n \u0111\u01b0\u1ee3c b\u1ea3o l\u01b0u.<\/em><\/p>\n\n<p><\/p>\n","protected":false},"excerpt":{"rendered":"<p>VMAN \u0110\u00f4ng Nam \u00c1 , \u0111i\u1ec3m \u0111\u1ebfn ti\u00ean phong c\u1ee7a th\u1eddi trang nam gi\u1edbi, l\u00e0 \u1ea5n b\u1ea3n n\u01b0\u1edbc ngo\u00e0i \u0111\u1ea7u ti\u00ean c\u1ee7a t\u1ea1p ch\u00ed th\u1eddi trang nam mang t\u00ednh bi\u1ec3u t\u01b0\u1ee3ng n\u00e0y. Ch\u00fang t\u00f4i t\u00ecm c\u00e1ch \u0111\u1ecbnh ngh\u0129a l\u1ea1i c\u00e2u chuy\u1ec7n xoay quanh nam t\u00ednh ch\u00e2u \u00c1 b\u1eb1ng c\u00e1ch trao quy\u1ec1n cho nam gi\u1edbi \u0110\u00f4ng..<\/p>\n","protected":false},"author":1,"featured_media":0,"parent":0,"menu_order":0,"comment_status":"closed","ping_status":"closed","template":"","meta":{"_acf_changed":false,"_uag_custom_page_level_css":"","footnotes":""},"coauthors":[5],"class_list":["post-2202","page","type-page","status-publish","hentry"],"acf":[],"aioseo_notices":[],"uagb_featured_image_src":{"full":false,"thumbnail":false,"medium":false,"medium_large":false,"large":false,"1536x1536":false,"2048x2048":false,"120w_square":false,"240w_square":false,"320w_square":false,"640w_square":false,"960w_square":false,"1280w_square":false,"1600w_square":false,"1920w_square":false,"2240w_square":false,"2560w_square":false,"120w":false,"240w":false,"320w":false,"640w":false,"960w":false,"1280w":false,"1600w":false,"1920w":false,"2240w":false,"2560w":false},"uagb_author_info":{"display_name":"agb.admin","author_link":"https:\/\/vman-sea.com\/vi\/author\/agb-admin\/"},"uagb_comment_info":0,"uagb_excerpt":"VMAN \u0110\u00f4ng Nam \u00c1 , \u0111i\u1ec3m \u0111\u1ebfn ti\u00ean phong c\u1ee7a th\u1eddi trang nam gi\u1edbi, l\u00e0 \u1ea5n b\u1ea3n n\u01b0\u1edbc ngo\u00e0i \u0111\u1ea7u ti\u00ean c\u1ee7a t\u1ea1p ch\u00ed th\u1eddi trang nam mang t\u00ednh bi\u1ec3u t\u01b0\u1ee3ng n\u00e0y. Ch\u00fang t\u00f4i t\u00ecm c\u00e1ch \u0111\u1ecbnh ngh\u0129a l\u1ea1i c\u00e2u chuy\u1ec7n xoay quanh nam t\u00ednh ch\u00e2u \u00c1 b\u1eb1ng c\u00e1ch trao quy\u1ec1n cho nam gi\u1edbi \u0110\u00f4ng..","_links":{"self":[{"href":"https:\/\/vman-sea.com\/vi\/wp-json\/wp\/v2\/pages\/2202","targetHints":{"allow":["GET"]}}],"collection":[{"href":"https:\/\/vman-sea.com\/vi\/wp-json\/wp\/v2\/pages"}],"about":[{"href":"https:\/\/vman-sea.com\/vi\/wp-json\/wp\/v2\/types\/page"}],"author":[{"embeddable":true,"href":"https:\/\/vman-sea.com\/vi\/wp-json\/wp\/v2\/users\/1"}],"replies":[{"embeddable":true,"href":"https:\/\/vman-sea.com\/vi\/wp-json\/wp\/v2\/comments?post=2202"}],"version-history":[{"count":0,"href":"https:\/\/vman-sea.com\/vi\/wp-json\/wp\/v2\/pages\/2202\/revisions"}],"wp:attachment":[{"href":"https:\/\/vman-sea.com\/vi\/wp-json\/wp\/v2\/media?parent=2202"}],"wp:term":[{"taxonomy":"author","embeddable":true,"href":"https:\/\/vman-sea.com\/vi\/wp-json\/wp\/v2\/coauthors?post=2202"}],"curies":[{"name":"wp","href":"https:\/\/api.w.org\/{rel}","templated":true}]}}