{"id":14761,"date":"2025-03-14T10:12:30","date_gmt":"2025-03-14T02:12:30","guid":{"rendered":"https:\/\/vman-sea.com\/dieu-khoan-va-dieu-kien\/"},"modified":"2025-10-07T12:17:45","modified_gmt":"2025-10-07T04:17:45","slug":"dieu-khoan-va-dieu-kien","status":"publish","type":"page","link":"https:\/\/vman-sea.com\/vi\/dieu-khoan-va-dieu-kien\/","title":{"rendered":"\u0110i\u1ec1u kho\u1ea3n v\u00e0 \u0111i\u1ec1u ki\u1ec7n"},"content":{"rendered":"\n<p>Trang web n\u00e0y (Trang web n\u00e0y) \u0111\u01b0\u1ee3c \u0111i\u1ec1u h\u00e0nh b\u1edfi One Mega Group Inc. (T\u1ea1p ch\u00ed VMAN SEA), \u201cch\u00fang t\u00f4i\u201d, \u201cc\u1ee7a ch\u00fang t\u00f4i\u201d, \u201cch\u00fang t\u00f4i\u201d) ph\u1ed1i h\u1ee3p v\u1edbi c\u00e1c b\u00ean kh\u00e1c theo c\u00e1c th\u1ecfa thu\u1eadn h\u1ee3p \u0111\u1ed3ng.<\/p>\n\n<p>QUY\u1ec0N TRUY C\u1eacP V\u00c0O N\u1ed8I DUNG TR\u00caN TRANG WEB N\u00c0Y V\u00c0 S\u1eec D\u1ee4NG C\u00c1C D\u1ecaCH V\u1ee4 \u0110\u01af\u1ee2C CUNG C\u1ea4P QUA TRANG WEB N\u00c0Y PH\u1ea2I TU\u00c2N THEO C\u00c1C \u0110I\u1ec0U KHO\u1ea2N V\u00c0 \u0110I\u1ec0U KI\u1ec6N \u0110\u01af\u1ee2C N\u00caU D\u01af\u1edaI \u0110\u00c2Y. B\u1ea4T K\u1ef2 VI PH\u1ea0M N\u00c0O \u0110\u1ed0I V\u1edaI C\u00c1C \u0110I\u1ec0U KHO\u1ea2N V\u00c0 \u0110I\u1ec0U KI\u1ec6N \u0110\u01af\u1ee2C N\u00caU D\u01af\u1edaI \u0110\u00c2Y S\u1ebc NGAY L\u1eacP T\u1ee8C CH\u1ea4M D\u1ee8T C\u00c1C QUY\u1ec0N \u0110\u00d3. <\/p>\n\n<p>Xin l\u01b0u \u00fd r\u1eb1ng ch\u00fang t\u00f4i c\u00f3 quy\u1ec1n thay \u0111\u1ed5i c\u00e1c \u0111i\u1ec1u kho\u1ea3n v\u00e0 \u0111i\u1ec1u ki\u1ec7n \u0111\u01b0\u1ee3c n\u00eau d\u01b0\u1edbi \u0111\u00e2y b\u1ea5t k\u1ef3 l\u00fac n\u00e0o. B\u1ea5t k\u1ef3 thay \u0111\u1ed5i n\u00e0o ch\u00fang t\u00f4i th\u1ef1c hi\u1ec7n s\u1ebd c\u00f3 hi\u1ec7u l\u1ef1c ngay sau khi th\u00f4ng b\u00e1o, ch\u00fang t\u00f4i c\u00f3 th\u1ec3 cung c\u1ea5p b\u1eb1ng c\u00e1c ph\u01b0\u01a1ng ti\u1ec7n bao g\u1ed3m, nh\u01b0ng kh\u00f4ng gi\u1edbi h\u1ea1n, \u0111\u0103ng th\u00f4ng b\u00e1o v\u1ec1 nh\u1eefng thay \u0111\u1ed5i \u0111\u00f3 tr\u00ean trang web n\u00e0y. Vi\u1ec7c b\u1ea1n ti\u1ebfp t\u1ee5c s\u1eed d\u1ee5ng trang web n\u00e0y sau th\u00f4ng b\u00e1o \u0111\u00f3 l\u00e0 b\u1eb1ng ch\u1ee9ng cho th\u1ea5y b\u1ea1n ch\u1ea5p nh\u1eadn t\u1ea5t c\u1ea3 nh\u1eefng thay \u0111\u1ed5i \u0111\u00f3.  <\/p>\n\n<p>Ch\u00fang t\u00f4i c\u0169ng c\u00f3 quy\u1ec1n h\u1ea1n ch\u1ebf t\u00ednh kh\u1ea3 d\u1ee5ng c\u1ee7a trang web n\u00e0y v\u00e0\/ho\u1eb7c vi\u1ec7c cung c\u1ea5p b\u1ea5t k\u1ef3 n\u1ed9i dung, d\u1ecbch v\u1ee5 ho\u1eb7c s\u1ea3n ph\u1ea9m n\u00e0o \u0111\u01b0\u1ee3c m\u00f4 t\u1ea3 \u1edf \u0111\u00e2y cho b\u1ea5t k\u1ef3 ng\u01b0\u1eddi, khu v\u1ef1c \u0111\u1ecba l\u00fd ho\u1eb7c khu v\u1ef1c ph\u00e1p l\u00fd n\u00e0o, b\u1ea5t k\u1ef3 l\u00fac n\u00e0o v\u00e0 theo quy\u1ebft \u0111\u1ecbnh ri\u00eang c\u1ee7a ch\u00fang t\u00f4i, v\u00e0 h\u1ea1n ch\u1ebf s\u1ed1 l\u01b0\u1ee3ng b\u1ea5t k\u1ef3 n\u1ed9i dung, d\u1ecbch v\u1ee5 ho\u1eb7c s\u1ea3n ph\u1ea9m n\u00e0o m\u00e0 ch\u00fang t\u00f4i c\u00f3 th\u1ec3 cung c\u1ea5p.<\/p>\n\n<p>B\u1ea1n s\u1eed d\u1ee5ng Trang web n\u00e0y v\u1edbi r\u1ee7i ro c\u1ee7a ri\u00eang b\u1ea1n. B\u1ea1n \u0111\u1ed3ng \u00fd r\u1eb1ng b\u1ea1n s\u1ebd ch\u1ecbu tr\u00e1ch nhi\u1ec7m c\u00e1 nh\u00e2n cho vi\u1ec7c s\u1eed d\u1ee5ng Trang web n\u00e0y v\u00e0 cho t\u1ea5t c\u1ea3 c\u00e1c ho\u1ea1t \u0111\u1ed9ng c\u1ee7a b\u1ea1n tr\u00ean Trang web n\u00e0y. <\/p>\n\n<h2 class=\"wp-block-heading\" style=\"font-size:18px\">N\u1ed9i dung<\/h2>\n\n<p>N\u1ed9i dung \u0111\u01b0\u1ee3c cung c\u1ea5p tr\u00ean trang web n\u00e0y, bao g\u1ed3m b\u1ea5t k\u1ef3 ph\u1ea7n m\u1ec1m, m\u00e3 HTML, d\u1eef li\u1ec7u, v\u0103n b\u1ea3n, \u0111\u1ed3 h\u1ecda, h\u00ecnh \u1ea3nh, clip \u00e2m thanh v\u00e0 video, logo, bi\u1ec3u t\u01b0\u1ee3ng v\u00e0 li\u00ean k\u1ebft (g\u1ecdi chung l\u00e0 \u201cN\u1ed9i dung\u201d) v\u00e0 b\u1ea5t k\u1ef3 v\u00e0 t\u1ea5t c\u1ea3 c\u00e1c quy\u1ec1n s\u1edf h\u1eefu tr\u00ed tu\u1ec7 trong \u0111\u00f3 \u0111\u1ec1u l\u00e0 v\u00e0 s\u1ebd lu\u00f4n l\u00e0 t\u00e0i s\u1ea3n c\u1ee7a VMAN SEA MAGAZINE ho\u1eb7c b\u00ean c\u1ea5p ph\u00e9p ho\u1eb7c nh\u00e0 cung c\u1ea5p c\u1ee7a t\u1ea1p ch\u00ed n\u00e0y. B\u1ea1n c\u00f3 th\u1ec3 t\u1ea3i xu\u1ed1ng v\u00e0 s\u1eed d\u1ee5ng N\u1ed9i dung cho m\u1ee5c \u0111\u00edch s\u1eed d\u1ee5ng c\u00e1 nh\u00e2n, phi th\u01b0\u01a1ng m\u1ea1i c\u1ee7a b\u1ea1n. B\u1ea1n kh\u00f4ng \u0111\u01b0\u1ee3c b\u00e1n l\u1ea1i ho\u1eb7c khai th\u00e1c N\u1ed9i dung cho m\u1ee5c \u0111\u00edch th\u01b0\u01a1ng m\u1ea1i, c\u0169ng nh\u01b0 kh\u00f4ng \u0111\u01b0\u1ee3c t\u1ea3i xu\u1ed1ng ho\u1eb7c sao ch\u00e9p N\u1ed9i dung \u0111\u1ec3 ph\u1ee5c v\u1ee5 cho b\u00ean th\u1ee9 ba ho\u1eb7c s\u1eed d\u1ee5ng Trang web n\u00e0y ho\u1eb7c b\u1ea5t k\u1ef3 N\u1ed9i dung n\u00e0o c\u1ee7a trang web n\u00e0y \u0111\u1ec3 th\u00fac \u0111\u1ea9y b\u1ea5t k\u1ef3 m\u1ee5c \u0111\u00edch th\u01b0\u01a1ng m\u1ea1i n\u00e0o, bao g\u1ed3m b\u1ea5t k\u1ef3 ho\u1ea1t \u0111\u1ed9ng qu\u1ea3ng c\u00e1o ho\u1eb7c t\u1ea1o doanh thu qu\u1ea3ng c\u00e1o n\u00e0o tr\u00ean trang web c\u1ee7a ri\u00eang b\u1ea1n. B\u1ea5t k\u1ef3 vi\u1ec7c s\u1eed d\u1ee5ng khai th\u00e1c d\u1eef li\u1ec7u, r\u00f4 b\u1ed1t ho\u1eb7c c\u00e1c c\u00f4ng c\u1ee5 thu th\u1eadp v\u00e0 tr\u00edch xu\u1ea5t d\u1eef li\u1ec7u t\u01b0\u01a1ng t\u1ef1 n\u00e0o \u0111\u1ec1u b\u1ecb nghi\u00eam c\u1ea5m. B\u1ea1n kh\u00f4ng \u0111\u01b0\u1ee3c \u0111\u00f3ng khung ho\u1eb7c s\u1eed d\u1ee5ng c\u00e1c k\u1ef9 thu\u1eadt \u0111\u00f3ng khung \u0111\u1ec3 bao g\u1ed3m b\u1ea5t k\u1ef3 N\u1ed9i dung n\u00e0o m\u00e0 kh\u00f4ng c\u00f3 s\u1ef1 \u0111\u1ed3ng \u00fd r\u00f5 r\u00e0ng b\u1eb1ng v\u0103n b\u1ea3n c\u1ee7a VMAN SEA MAGAZINE ho\u1eb7c b\u00ean c\u1ea5p ph\u00e9p c\u1ee7a t\u1ea1p ch\u00ed n\u00e0y. B\u1ea5t k\u1ef3 vi\u1ec7c s\u1eed d\u1ee5ng N\u1ed9i dung tr\u00e1i ph\u00e9p n\u00e0o s\u1ebd ngay l\u1eadp t\u1ee9c ch\u1ea5m d\u1ee9t quy\u1ec1n truy c\u1eadp N\u1ed9i dung c\u1ee7a trang web n\u00e0y c\u1ee7a b\u1ea1n.     <\/p>\n\n<p>M\u1eb7c d\u00f9 VMAN SEA MAGAZINE c\u1ed1 g\u1eafng cung c\u1ea5p N\u1ed9i dung ch\u00ednh x\u00e1c, b\u1ea3n ch\u1ea5t c\u1ee7a d\u1eef li\u1ec7u v\u00e0 th\u00f4ng tin kh\u00e1c c\u00f3 trong Trang web n\u00e0y c\u00f3 th\u1ec3 thay \u0111\u1ed5i th\u01b0\u1eddng xuy\u00ean. Theo \u0111\u00f3, m\u1eb7c d\u00f9 VMAN SEA MAGAZINE c\u1ed1 g\u1eafng s\u1eed d\u1ee5ng s\u1ef1 c\u1ea9n tr\u1ecdng h\u1ee3p l\u00fd khi bi\u00ean so\u1ea1n N\u1ed9i dung, N\u1ed9i dung c\u00f3 th\u1ec3 kh\u00f4ng \u0111\u01b0\u1ee3c c\u1eadp nh\u1eadt, ch\u00ednh x\u00e1c ho\u1eb7c \u0111\u1ea7y \u0111\u1ee7. Ngo\u00e0i ra, VMAN SEA MAGAZINE kh\u00f4ng th\u1ec3 \u0111\u1ea3m b\u1ea3o r\u1eb1ng s\u1ebd kh\u00f4ng x\u1ea3y ra s\u1ef1 c\u1ed1 k\u1ef9 thu\u1eadt trong qu\u00e1 tr\u00ecnh t\u1ea3i N\u1ed9i dung l\u00ean m\u00e1y t\u00ednh c\u1ee7a b\u1ea1n ho\u1eb7c r\u1eb1ng N\u1ed9i dung s\u1ebd t\u1ea3i th\u00e0nh c\u00f4ng l\u00ean m\u00e1y t\u00ednh c\u1ee7a b\u1ea1n.  <\/p>\n\n<p>C\u00e1c m\u00f4 t\u1ea3 ho\u1eb7c h\u00ecnh \u1ea3nh ho\u1eb7c tham chi\u1ebfu \u0111\u1ebfn c\u00e1c s\u1ea3n ph\u1ea9m, d\u1ecbch v\u1ee5, c\u00e1 nh\u00e2n ho\u1eb7c th\u1ef1c th\u1ec3 tr\u00ean Trang web n\u00e0y kh\u00f4ng ng\u1ee5 \u00fd s\u1ef1 ch\u1ee9ng th\u1ef1c c\u1ee7a VMAN SEA MAGAZINE \u0111\u1ed1i v\u1edbi c\u00e1c s\u1ea3n ph\u1ea9m, d\u1ecbch v\u1ee5, c\u00e1 nh\u00e2n ho\u1eb7c th\u1ef1c th\u1ec3 \u0111\u00f3. Ngo\u00e0i ra, m\u1ed9t s\u1ed1 ph\u1ea7n c\u1ee7a N\u1ed9i dung \u0111\u00e3 \u0111\u01b0\u1ee3c \u0111\u00f3ng g\u00f3p cho trang web n\u00e0y b\u1edfi nhi\u1ec1u b\u00ean th\u1ee9 ba. Vi\u1ec7c \u0111\u01b0a v\u00e0o n\u1ed9i dung \u0111\u00f3 kh\u00f4ng ch\u1ec9 ra b\u1ea5t k\u1ef3 s\u1ef1 ch\u1ea5p thu\u1eadn ho\u1eb7c ch\u1ee9ng th\u1ef1c n\u00e0o c\u1ee7a VMAN SEA MAGAZINE. VMAN SEA MAGAZINE c\u00f3 quy\u1ec1n r\u00fat l\u1ea1i, t\u1ea1m th\u1eddi ho\u1eb7c v\u0129nh vi\u1ec5n, b\u1ea5t k\u1ef3 N\u1ed9i dung n\u00e0o kh\u1ecfi Trang web n\u00e0y b\u1ea5t k\u1ef3 l\u00fac n\u00e0o v\u00e0 v\u00ec b\u1ea5t k\u1ef3 l\u00fd do g\u00ec. Vi\u1ec7c x\u00f3a c\u00f3 th\u1ec3 \u0111\u01b0\u1ee3c th\u1ef1c hi\u1ec7n ngay l\u1eadp t\u1ee9c v\u00e0 kh\u00f4ng c\u1ea7n th\u00f4ng b\u00e1o.    <\/p>\n\n<h2 class=\"wp-block-heading\" style=\"font-size:18px\">N\u01a1i G\u1eedi Th\u00f4ng B\u00e1o Vi Ph\u1ea1m B\u1ea3n Quy\u1ec1n<\/h2>\n\n<p>N\u1ebfu b\u1ea1n tin r\u1eb1ng trang web n\u00e0y \u0111\u00e3 vi ph\u1ea1m b\u1ea3n quy\u1ec1n c\u1ee7a b\u1ea1n, vui l\u00f2ng th\u00f4ng b\u00e1o cho ch\u00fang t\u00f4i b\u1eb1ng v\u0103n b\u1ea3n g\u1eedi \u0111\u1ebfn: One Mega Group Inc. Unit 601, 6\/F West Wing Estancia Offices, Capitol Commons, Meralco Avenue, Ortigas, Pasig City, 1605 Metro Manila; +63 2 8241 8970 <\/p>\n\n<h2 class=\"wp-block-heading\" style=\"font-size:18px\">Li\u00ean k\u1ebft \u0111\u1ebfn c\u00e1c trang web c\u1ee7a b\u00ean th\u1ee9 ba<\/h2>\n\n<p>Ch\u00fang t\u00f4i c\u00f3 th\u1ec3 bao g\u1ed3m c\u00e1c si\u00eau li\u00ean k\u1ebft tr\u00ean Trang web n\u00e0y \u0111\u1ebfn c\u00e1c trang web ho\u1eb7c t\u00e0i nguy\u00ean kh\u00e1c do c\u00e1c b\u00ean kh\u00e1c ngo\u00e0i VMAN SEA MAGAZINE \u0111i\u1ec1u h\u00e0nh, bao g\u1ed3m c\u1ea3 c\u00e1c nh\u00e0 qu\u1ea3ng c\u00e1o. VMAN SEA MAGAZINE ch\u01b0a xem x\u00e9t t\u1ea5t c\u1ea3 c\u00e1c trang web \u0111\u01b0\u1ee3c li\u00ean k\u1ebft \u0111\u1ebfn Trang web c\u1ee7a m\u00ecnh v\u00e0 kh\u00f4ng ch\u1ecbu tr\u00e1ch nhi\u1ec7m v\u1ec1 n\u1ed9i dung ho\u1eb7c t\u00ednh ch\u00ednh x\u00e1c c\u1ee7a b\u1ea5t k\u1ef3 trang n\u00e0o ngo\u00e0i trang web c\u0169ng nh\u01b0 ch\u00fang t\u00f4i kh\u00f4ng ch\u1ecbu tr\u00e1ch nhi\u1ec7m v\u1ec1 t\u00ednh kh\u1ea3 d\u1ee5ng c\u1ee7a c\u00e1c trang web ho\u1eb7c t\u00e0i nguy\u00ean b\u00ean ngo\u00e0i \u0111\u00f3 v\u00e0 kh\u00f4ng x\u00e1c nh\u1eadn v\u00e0 kh\u00f4ng ch\u1ecbu tr\u00e1ch nhi\u1ec7m ho\u1eb7c ngh\u0129a v\u1ee5, tr\u1ef1c ti\u1ebfp ho\u1eb7c gi\u00e1n ti\u1ebfp, \u0111\u1ed1i v\u1edbi c\u00e1c ho\u1ea1t \u0111\u1ed9ng b\u1ea3o m\u1eadt ho\u1eb7c n\u1ed9i dung c\u1ee7a c\u00e1c trang web \u0111\u00f3, bao g\u1ed3m (kh\u00f4ng gi\u1edbi h\u1ea1n) b\u1ea5t k\u1ef3 qu\u1ea3ng c\u00e1o, s\u1ea3n ph\u1ea9m ho\u1eb7c t\u00e0i li\u1ec7u ho\u1eb7c d\u1ecbch v\u1ee5 kh\u00e1c tr\u00ean ho\u1eb7c c\u00f3 s\u1eb5n t\u1eeb c\u00e1c trang web ho\u1eb7c t\u00e0i nguy\u00ean \u0111\u00f3, c\u0169ng nh\u01b0 \u0111\u1ed1i v\u1edbi b\u1ea5t k\u1ef3 thi\u1ec7t h\u1ea1i, m\u1ea5t m\u00e1t ho\u1eb7c vi ph\u1ea1m n\u00e0o do ho\u1eb7c b\u1ecb c\u00e1o bu\u1ed9c l\u00e0 do, ho\u1eb7c li\u00ean quan \u0111\u1ebfn, vi\u1ec7c s\u1eed d\u1ee5ng ho\u1eb7c d\u1ef1a v\u00e0o b\u1ea5t k\u1ef3 n\u1ed9i dung, h\u00e0ng h\u00f3a ho\u1eb7c d\u1ecbch v\u1ee5 n\u00e0o c\u00f3 s\u1eb5n tr\u00ean c\u00e1c trang web ho\u1eb7c t\u00e0i nguy\u00ean b\u00ean ngo\u00e0i \u0111\u00f3. <\/p>\n\n<h2 class=\"wp-block-heading\" style=\"font-size:18px\">Tuy\u00ean b\u1ed1 mi\u1ec5n tr\u1eeb tr\u00e1ch nhi\u1ec7m<\/h2>\n\n<p>TRANG WEB N\u00c0Y, N\u1ed8I DUNG V\u00c0 B\u1ea4T K\u1ef2 S\u1ea2N PH\u1ea8M HO\u1eb6C D\u1ecaCH V\u1ee4 N\u00c0O C\u00d3 \u0110\u01af\u1ee2C TH\u00d4NG QUA TRANG WEB N\u00c0Y \u0110\u1ec0U \u0110\u01af\u1ee2C CUNG C\u1ea4P \u201cNGUY\u00caN TR\u1ea0NG\u201d V\u00c0 KH\u00d4NG C\u00d3 B\u1ea4T K\u1ef2 B\u1ea2O H\u00c0NH N\u00c0O, D\u00d9 R\u00d5 R\u00c0NG HAY NG\u1ee4 \u00dd. \u1ede M\u1ee8C \u0110\u1ed8 T\u1ed0I \u0110A \u0110\u01af\u1ee2C PH\u00c9P THEO LU\u1eacT \u00c1P D\u1ee4NG, T\u1ea0P CH\u00cd VMAN SEA V\u00c0 C\u00c1C C\u00d4NG TY LI\u00caN K\u1ebeT, B\u00caN C\u1ea4P PH\u00c9P, NH\u00c0 CUNG C\u1ea4P, NH\u00c0 T\u00c0I TR\u1ee2 V\u00c0 \u0110\u1ea0I L\u00dd T\u1eea CH\u1ed0I M\u1eccI B\u1ea2O H\u00c0NH, D\u00d9 R\u00d5 R\u00c0NG HAY NG\u1ee4 \u00dd, BAO G\u1ed2M NH\u01afNG KH\u00d4NG GI\u1edaI H\u1ea0N, B\u1ea2O H\u00c0NH NG\u1ee4 \u00dd V\u1ec0 QUY\u1ec0N S\u1ede H\u1eeeU, KH\u00d4NG VI PH\u1ea0M, T\u00cdNH CH\u00cdNH X\u00c1C, KH\u1ea2 N\u0102NG TH\u01af\u01a0NG M\u1ea0I V\u00c0 S\u1ef0 PH\u00d9 H\u1ee2P CHO M\u1ed8T M\u1ee4C \u0110\u00cdCH C\u1ee4 TH\u1ec2, V\u00c0 B\u1ea4T K\u1ef2 B\u1ea2O H\u00c0NH N\u00c0O C\u00d3 TH\u1ec2 PH\u00c1T SINH T\u1eea QU\u00c1 TR\u00ccNH GIAO D\u1ecaCH, QU\u00c1 TR\u00ccNH TH\u1ef0C HI\u1ec6N HO\u1eb6C S\u1eec D\u1ee4NG TH\u01af\u01a0NG M\u1ea0I. LU\u1eacT \u00c1P D\u1ee4NG C\u00d3 TH\u1ec2 KH\u00d4NG CHO PH\u00c9P LO\u1ea0I TR\u1eea C\u00c1C B\u1ea2O H\u00c0NH NG\u1ea6M \u0110\u1ecaNH, DO \u0110\u00d3 C\u00c1C LO\u1ea0I TR\u1eea TR\u00caN C\u00d3 TH\u1ec2 KH\u00d4NG \u00c1P D\u1ee4NG CHO B\u1ea0N. T\u1ea0P CH\u00cd VMAN SEA V\u00c0 C\u00c1C C\u00d4NG TY LI\u00caN K\u1ebeT, B\u00caN C\u1ea4P PH\u00c9P, NH\u00c0 CUNG C\u1ea4P V\u00c0 \u0110\u1ea0I L\u00dd KH\u00d4NG B\u1ea2O \u0110\u1ea2M R\u1eb0NG VI\u1ec6C B\u1ea0N S\u1eec D\u1ee4NG TRANG WEB N\u00c0Y S\u1ebc KH\u00d4NG B\u1eca GI\u00c1N \u0110O\u1ea0N, KH\u00d4NG C\u00d3 L\u1ed6I HO\u1eb6C AN TO\u00c0N, R\u1eb0NG C\u00c1C KHUY\u1ebeT T\u1eacT S\u1ebc \u0110\u01af\u1ee2C KH\u1eaeC PH\u1ee4C, HO\u1eb6C TRANG WEB N\u00c0Y, M\u00c1Y CH\u1ee6 M\u00c0 TRANG WEB N\u00c0Y \u0110\u01af\u1ee2C L\u01afU TR\u1eee KH\u00d4NG C\u00d3 VIRUS HO\u1eb6C C\u00c1C TH\u00c0NH PH\u1ea6N C\u00d3 H\u1ea0I KH\u00c1C. B\u1ea0N X\u00c1C NH\u1eacN R\u1eb0NG B\u1ea0N CH\u1ecaU TR\u00c1CH NHI\u1ec6M THU TH\u1eacP V\u00c0 B\u1ea2O TR\u00cc T\u1ea4T C\u1ea2 C\u00c1C \u0110I\u1ec6N THO\u1ea0I, PH\u1ea6N C\u1ee8NG M\u00c1Y T\u00cdNH V\u00c0 C\u00c1C THI\u1ebeT B\u1eca KH\u00c1C C\u1ea6N THI\u1ebeT \u0110\u1ec2 TRUY C\u1eacP V\u00c0 S\u1eec D\u1ee4NG TRANG WEB N\u00c0Y, V\u00c0 T\u1ea4T C\u1ea2 C\u00c1C KHO\u1ea2N PH\u00cd LI\u00caN QUAN \u0110\u1ebeN TRANG WEB N\u00c0Y. B\u1ea0N CH\u1ecaU T\u1ea4T C\u1ea2 TR\u00c1CH NHI\u1ec6M V\u00c0 R\u1ee6I RO CHO VI\u1ec6C B\u1ea0N S\u1eec D\u1ee4NG TRANG WEB N\u00c0Y V\u00c0 S\u1ef0 TIN T\u01af\u1edeNG C\u1ee6A B\u1ea0N V\u00c0O TRANG WEB N\u00c0Y. KH\u00d4NG C\u00d3 \u00dd KI\u1ebeN, L\u1edcI KHUY\u00caN HO\u1eb6C TUY\u00caN B\u1ed0 N\u00c0O C\u1ee6A T\u1ea0P CH\u00cd VMAN SEA HO\u1eb6C C\u00c1C CHI NH\u00c1NH, B\u00caN C\u1ea4P PH\u00c9P, NH\u00c0 CUNG C\u1ea4P, NH\u00c0 T\u00c0I TR\u1ee2, \u0110\u1ea0I L\u00dd, TH\u00c0NH VI\u00caN HO\u1eb6C KH\u00c1CH TRUY C\u1eacP N\u00c0O, CHO D\u00d9 \u0110\u01af\u1ee2C TH\u1ef0C HI\u1ec6N TR\u00caN TRANG WEB N\u00c0Y HO\u1eb6C C\u00c1CH KH\u00c1C, S\u1ebc T\u1ea0O N\u00caN B\u1ea4T K\u1ef2 B\u1ea2O H\u00c0NH N\u00c0O. B\u1ea0N R\u00d5 R\u00c0NG TH\u1eeaA NH\u1eacN V\u00c0 \u0110\u1ed2NG \u00dd R\u1eb0NG T\u1ea0P CH\u00cd VMAN SEA KH\u00d4NG C\u00d3 B\u1ea4T K\u1ef2 TR\u00c1CH NHI\u1ec6M PH\u00c1P L\u00dd HO\u1eb6C TR\u00c1CH NHI\u1ec6M N\u00c0O \u0110\u1ed0I V\u1edaI (I) TH\u01af\u01a0NG T\u00cdCH C\u00c1 NH\u00c2N HO\u1eb6C THI\u1ec6T H\u1ea0I T\u00c0I S\u1ea2N KH\u00c1C, B\u1ea4T K\u1ef2 B\u1ea2N CH\u1ea4T N\u00c0O, CHO D\u00d9 PH\u00c1T SINH THEO H\u1ee2P \u0110\u1ed2NG HO\u1eb6C DO H\u00c0NH VI PH\u1ea0M, PH\u00c1T SINH T\u1eea VI\u1ec6C B\u1ea0N TRUY C\u1eacP V\u00c0 S\u1eec D\u1ee4NG TRANG WEB C\u1ee6A CH\u00daNG T\u00d4I, BAO G\u1ed2M B\u1ea4T K\u1ef2 KHI\u1ebeU N\u1ea0I, NGUY\u00caN NH\u00c2N H\u00c0NH \u0110\u1ed8NG, NGH\u0128A V\u1ee4, TR\u00c1CH NHI\u1ec6M PH\u00c1P L\u00dd, QUY\u1ec0N HO\u1eb6C BI\u1ec6N PH\u00c1P KH\u1eaeC PH\u1ee4C CHO D\u00d9 C\u00d3 PH\u00c1T SINH T\u1eea S\u1ef0 C\u1ea8U TH\u1ea2 C\u1ee6A T\u1ea0P CH\u00cd VMAN SEA HAY KH\u00d4NG, (II) B\u1ea4T K\u1ef2 H\u00c0NH VI TRUY C\u1eacP HO\u1eb6C S\u1eec D\u1ee4NG TR\u00c1I PH\u00c9P N\u00c0O C\u00c1C M\u00c1Y CH\u1ee6 AN TO\u00c0N C\u1ee6A CH\u00daNG T\u00d4I V\u00c0\/HO\u1eb6C B\u1ea4T K\u1ef2 V\u00c0 T\u1ea4T C\u1ea2 TH\u00d4NG TIN C\u00c1 NH\u00c2N V\u00c0\/HO\u1eb6C TH\u00d4NG TIN T\u00c0I CH\u00cdNH \u0110\u01af\u1ee2C L\u01afU TR\u1eee TRONG \u0110\u00d3, (III) B\u1ea4T K\u1ef2 GI\u00c1N \u0110O\u1ea0N HO\u1eb6C CH\u1ea4M D\u1ee8T N\u00c0O TRUY\u1ec0N \u0110\u1ebeN HO\u1eb6C T\u1eea TRANG WEB C\u1ee6A CH\u00daNG T\u00d4I, (IV) B\u1ea4T K\u1ef2 L\u1ed6I, VIRUS, S\u00c2U, NG\u1ef0A TROJAN, KHUY\u1ebeT T\u1eacT, BOM NG\u00c0Y, BOM H\u1eb8N GI\u1edc HO\u1eb6C C\u00c1C M\u1eb6T H\u00c0NG KH\u00c1C C\u00d3 T\u00cdNH CH\u1ea4T PH\u00c1 HO\u1ea0I C\u00d3 TH\u1ec2 \u0110\u01af\u1ee2C TRUY\u1ec0N \u0110\u1ebeN HO\u1eb6C QUA TRANG WEB C\u1ee6A CH\u00daNG T\u00d4I B\u1edeI B\u1ea4T K\u1ef2 B\u00caN TH\u1ee8 BA N\u00c0O, V\u00c0\/HO\u1eb6C (V) B\u1ea4T K\u1ef2 L\u1ed6I, SAI S\u00d3T, KH\u00d4NG CH\u00cdNH X\u00c1C HO\u1eb6C THI\u1ebeU S\u00d3T N\u00c0O TRONG B\u1ea4T K\u1ef2 T\u00c0I LI\u1ec6U N\u00c0O, HO\u1eb6C B\u1ea4T K\u1ef2 M\u1ea4T M\u00c1T HO\u1eb6C THI\u1ec6T H\u1ea0I N\u00c0O PH\u00c1T SINH DO VI\u1ec6C S\u1eec D\u1ee4NG B\u1ea4T K\u1ef2 T\u00c0I LI\u1ec6U N\u00c0O \u0110\u01af\u1ee2C \u0110\u0102NG, G\u1eecI EMAIL \u0110\u1ebeN HO\u1eb6C T\u1eea, TRUY\u1ec0N HO\u1eb6C CUNG C\u1ea4P THEO C\u00c1CH KH\u00c1C TR\u00caN TRANG WEB N\u00c0Y. T\u1ea0P CH\u00cd VMAN SEA KH\u00d4NG B\u1ea2O H\u00c0NH, X\u00c1C NH\u1eacN, B\u1ea2O \u0110\u1ea2M HO\u1eb6C CH\u1ecaU TR\u00c1CH NHI\u1ec6M CHO B\u1ea4T K\u1ef2 S\u1ea2N PH\u1ea8M HO\u1eb6C D\u1ecaCH V\u1ee4 N\u00c0O \u0110\u01af\u1ee2C B\u00caN TH\u1ee8 BA QU\u1ea2NG C\u00c1O HO\u1eb6C CUNG C\u1ea4P TH\u00d4NG QUA TRANG WEB N\u00c0Y HO\u1eb6C B\u1ea4T K\u1ef2 TRANG WEB LI\u00caN K\u1ebeT N\u00c0O, V\u00c0 T\u1ea0P CH\u00cd VMAN SEA S\u1ebc KH\u00d4NG THAM GIA HO\u1eb6C THEO B\u1ea4T K\u1ef2 C\u00c1CH N\u00c0O GI\u00c1M S\u00c1T B\u1ea4T K\u1ef2 GIAO D\u1ecaCH N\u00c0O GI\u1eeeA B\u1ea0N V\u00c0 NH\u00c0 CUNG C\u1ea4P S\u1ea2N PH\u1ea8M HO\u1eb6C D\u1ecaCH V\u1ee4 B\u00caN TH\u1ee8 BA. NH\u01af V\u1edaI VI\u1ec6C MUA S\u1ea2N PH\u1ea8M HO\u1eb6C D\u1ecaCH V\u1ee4 TH\u00d4NG QUA B\u1ea4T K\u1ef2 PH\u01af\u01a0NG TI\u1ec6N N\u00c0O HO\u1eb6C TRONG B\u1ea4T K\u1ef2 M\u00d4I TR\u01af\u1edcNG N\u00c0O, B\u1ea0N N\u00caN S\u1eec D\u1ee4NG S\u1ef0 PH\u00c1N \u0110O\u00c1N T\u1ed0T NH\u1ea4T C\u1ee6A M\u00ccNH V\u00c0 TH\u1eacN TR\u1eccNG KHI PH\u00d9 H\u1ee2P. VI\u1ec6C B\u1ea0N S\u1eec D\u1ee4NG TRANG WEB N\u00c0Y V\u00c0 B\u1ea4T K\u1ef2 N\u1ed8I DUNG N\u00c0O \u0110\u01af\u1ee2C CUNG C\u1ea4P TR\u00caN TRANG WEB N\u00c0Y HO\u1eb6C B\u1ea4T K\u1ef2 N\u1ed8I DUNG N\u00c0O \u0110\u01af\u1ee2C CUNG C\u1ea4P TR\u00caN TRANG WEB N\u00c0Y HO\u00c0N TO\u00c0N L\u00c0 R\u1ee6I RO C\u1ee6A RI\u00ca               <\/p>\n","protected":false},"excerpt":{"rendered":"<p>Trang web n\u00e0y (Trang web n\u00e0y) \u0111\u01b0\u1ee3c \u0111i\u1ec1u h\u00e0nh b\u1edfi One Mega Group Inc. (T\u1ea1p ch\u00ed VMAN SEA), \u201cch\u00fang t\u00f4i\u201d, \u201cc\u1ee7a ch\u00fang t\u00f4i\u201d, \u201cch\u00fang t\u00f4i\u201d) ph\u1ed1i h\u1ee3p v\u1edbi c\u00e1c b\u00ean kh\u00e1c theo c\u00e1c th\u1ecfa thu\u1eadn h\u1ee3p \u0111\u1ed3ng. QUY\u1ec0N TRUY C\u1eacP V\u00c0O N\u1ed8I DUNG TR\u00caN TRANG WEB N\u00c0Y V\u00c0 S\u1eec D\u1ee4NG C\u00c1C D\u1ecaCH V\u1ee4 \u0110\u01af\u1ee2C CUNG..<\/p>\n","protected":false},"author":1,"featured_media":0,"parent":0,"menu_order":0,"comment_status":"closed","ping_status":"closed","template":"","meta":{"_acf_changed":false,"_uag_custom_page_level_css":"","footnotes":""},"coauthors":[5],"class_list":["post-14761","page","type-page","status-publish","hentry"],"acf":[],"aioseo_notices":[],"uagb_featured_image_src":{"full":false,"thumbnail":false,"medium":false,"medium_large":false,"large":false,"1536x1536":false,"2048x2048":false,"120w_square":false,"240w_square":false,"320w_square":false,"640w_square":false,"960w_square":false,"1280w_square":false,"1600w_square":false,"1920w_square":false,"2240w_square":false,"2560w_square":false,"120w":false,"240w":false,"320w":false,"640w":false,"960w":false,"1280w":false,"1600w":false,"1920w":false,"2240w":false,"2560w":false},"uagb_author_info":{"display_name":"agb.admin","author_link":"https:\/\/vman-sea.com\/vi\/author\/agb-admin\/"},"uagb_comment_info":0,"uagb_excerpt":"Trang web n\u00e0y (Trang web n\u00e0y) \u0111\u01b0\u1ee3c \u0111i\u1ec1u h\u00e0nh b\u1edfi One Mega Group Inc. (T\u1ea1p ch\u00ed VMAN SEA), \u201cch\u00fang t\u00f4i\u201d, \u201cc\u1ee7a ch\u00fang t\u00f4i\u201d, \u201cch\u00fang t\u00f4i\u201d) ph\u1ed1i h\u1ee3p v\u1edbi c\u00e1c b\u00ean kh\u00e1c theo c\u00e1c th\u1ecfa thu\u1eadn h\u1ee3p \u0111\u1ed3ng. QUY\u1ec0N TRUY C\u1eacP V\u00c0O N\u1ed8I DUNG TR\u00caN TRANG WEB N\u00c0Y V\u00c0 S\u1eec D\u1ee4NG C\u00c1C D\u1ecaCH V\u1ee4 \u0110\u01af\u1ee2C CUNG..","_links":{"self":[{"href":"https:\/\/vman-sea.com\/vi\/wp-json\/wp\/v2\/pages\/14761","targetHints":{"allow":["GET"]}}],"collection":[{"href":"https:\/\/vman-sea.com\/vi\/wp-json\/wp\/v2\/pages"}],"about":[{"href":"https:\/\/vman-sea.com\/vi\/wp-json\/wp\/v2\/types\/page"}],"author":[{"embeddable":true,"href":"https:\/\/vman-sea.com\/vi\/wp-json\/wp\/v2\/users\/1"}],"replies":[{"embeddable":true,"href":"https:\/\/vman-sea.com\/vi\/wp-json\/wp\/v2\/comments?post=14761"}],"version-history":[{"count":0,"href":"https:\/\/vman-sea.com\/vi\/wp-json\/wp\/v2\/pages\/14761\/revisions"}],"wp:attachment":[{"href":"https:\/\/vman-sea.com\/vi\/wp-json\/wp\/v2\/media?parent=14761"}],"wp:term":[{"taxonomy":"author","embeddable":true,"href":"https:\/\/vman-sea.com\/vi\/wp-json\/wp\/v2\/coauthors?post=14761"}],"curies":[{"name":"wp","href":"https:\/\/api.w.org\/{rel}","templated":true}]}}